{"id":29,"date":"2023-10-07T17:36:57","date_gmt":"2023-10-07T15:36:57","guid":{"rendered":"https:\/\/stardul.cluster029.hosting.ovh.net\/index.php\/workshops\/"},"modified":"2025-04-14T15:43:19","modified_gmt":"2025-04-14T13:43:19","slug":"partenariats","status":"publish","type":"page","link":"https:\/\/www.stardustprod.fr\/index.php\/partenariats\/","title":{"rendered":"Partenariats"},"content":{"rendered":"\t\t<div data-elementor-type=\"wp-page\" data-elementor-id=\"29\" class=\"elementor elementor-29\">\n\t\t\t\t<div class=\"elementor-element elementor-element-680a5b9b e-con-full e-flex e-con e-parent\" data-id=\"680a5b9b\" data-element_type=\"container\" data-e-type=\"container\">\n\t\t<div class=\"elementor-element elementor-element-2daa072e e-con-full e-flex e-con e-child\" data-id=\"2daa072e\" data-element_type=\"container\" data-e-type=\"container\">\n\t\t<div class=\"elementor-element elementor-element-14328102 e-con-full e-flex e-con e-child\" data-id=\"14328102\" data-element_type=\"container\" data-e-type=\"container\">\n\t\t\t\t<div class=\"elementor-element elementor-element-25b7e125 elementor-widget elementor-widget-heading\" data-id=\"25b7e125\" data-element_type=\"widget\" data-e-type=\"widget\" data-widget_type=\"heading.default\">\n\t\t\t\t<div class=\"elementor-widget-container\">\n\t\t\t\t\t<h1 class=\"elementor-heading-title elementor-size-default\">Tel Troy McClure, vous nous avez s\u00fbrement d\u00e9j\u00e0 vu quelque part<\/h1>\t\t\t\t<\/div>\n\t\t\t\t<\/div>\n\t\t\t\t<div class=\"elementor-element elementor-element-2657ee4d elementor-widget__width-initial elementor-invisible elementor-widget elementor-widget-text-editor\" data-id=\"2657ee4d\" data-element_type=\"widget\" data-e-type=\"widget\" data-settings=\"{&quot;_animation&quot;:&quot;fadeInDown&quot;}\" data-widget_type=\"text-editor.default\">\n\t\t\t\t<div class=\"elementor-widget-container\">\n\t\t\t\t\t\t\t\t\t<p>Depuis 2018, Stardust Prod a collabor\u00e9 avec nombre de m\u00e9dias, marques et institutions fran\u00e7aises, europ\u00e9ennes et multinationales.<\/p><p>Ci-dessous, quelques exemples de collaboration r\u00e9ussies au fil des ann\u00e9es, du reportage commandit\u00e9 au consulting a\u00e9ronautique et spatial dans les m\u00e9dias.<\/p><p>\u00a0<\/p>\t\t\t\t\t\t\t\t<\/div>\n\t\t\t\t<\/div>\n\t\t\t\t<\/div>\n\t\t\t\t<\/div>\n\t\t<div class=\"elementor-element elementor-element-6f2120fc e-con-full e-flex e-con e-child\" data-id=\"6f2120fc\" data-element_type=\"container\" data-e-type=\"container\" data-settings=\"{&quot;background_background&quot;:&quot;classic&quot;}\">\n\t\t\t\t<\/div>\n\t\t\t\t<\/div>\n\t\t<div class=\"elementor-element elementor-element-3eea77ea e-con-full e-flex e-con e-parent\" data-id=\"3eea77ea\" data-element_type=\"container\" data-e-type=\"container\" id=\"Workshop_Learn_The_Basics\">\n\t\t<div class=\"elementor-element elementor-element-3e2ba0cf e-con-full e-flex e-con e-child\" data-id=\"3e2ba0cf\" data-element_type=\"container\" data-e-type=\"container\" data-settings=\"{&quot;background_background&quot;:&quot;classic&quot;}\">\n\t\t\t\t<\/div>\n\t\t<div class=\"elementor-element elementor-element-42f3be65 e-con-full e-flex e-con e-child\" data-id=\"42f3be65\" data-element_type=\"container\" data-e-type=\"container\">\n\t\t\t\t<div class=\"elementor-element elementor-element-2fac6f51 elementor-widget elementor-widget-heading\" data-id=\"2fac6f51\" data-element_type=\"widget\" data-e-type=\"widget\" data-widget_type=\"heading.default\">\n\t\t\t\t<div class=\"elementor-widget-container\">\n\t\t\t\t\t<h2 class=\"elementor-heading-title elementor-size-default\">Ev\u00e8nements spatiaux<\/h2>\t\t\t\t<\/div>\n\t\t\t\t<\/div>\n\t\t\t\t<div class=\"elementor-element elementor-element-8a6dda4 elementor-widget elementor-widget-text-editor\" data-id=\"8a6dda4\" data-element_type=\"widget\" data-e-type=\"widget\" data-widget_type=\"text-editor.default\">\n\t\t\t\t<div class=\"elementor-widget-container\">\n\t\t\t\t\t\t\t\t\t<p>Depuis 2016, la chaine Stardust s&rsquo;est sp\u00e9cialis\u00e9e dans la retransmission et le commentaire d&rsquo;\u00e9v\u00e8nements spatiaux comme les lancements ou les sorties extrav\u00e9hiculaires. Ponctuellement, ces \u00e9v\u00e8nements ont \u00e9t\u00e9 r\u00e9alis\u00e9s en collaboration avec des institutions reconnues comme le CNES en 2018, ou le Consortium Euclid (CNES\/CEA\/CNRS) en 2023.\u00a0<\/p><p>Cliquez sur le bouton ci-dessous pour revoir l&rsquo;atterrissage de la sonde Insight sur Mars comment\u00e9 en direct depuis les locaux du CNES \u00e0 Toulouse :<\/p>\t\t\t\t\t\t\t\t<\/div>\n\t\t\t\t<\/div>\n\t\t\t\t<div class=\"elementor-element elementor-element-47c5a17f elementor-invisible elementor-widget elementor-widget-button\" data-id=\"47c5a17f\" data-element_type=\"widget\" data-e-type=\"widget\" data-settings=\"{&quot;_animation&quot;:&quot;fadeInDown&quot;}\" data-widget_type=\"button.default\">\n\t\t\t\t<div class=\"elementor-widget-container\">\n\t\t\t\t\t\t\t\t\t<div class=\"elementor-button-wrapper\">\n\t\t\t\t\t<a class=\"elementor-button elementor-button-link elementor-size-sm\" href=\"https:\/\/www.youtube.com\/watch?v=XcdUx3BRewI\" target=\"_blank\">\n\t\t\t\t\t\t<span class=\"elementor-button-content-wrapper\">\n\t\t\t\t\t\t\t\t\t<span class=\"elementor-button-text\">Voir<\/span>\n\t\t\t\t\t<\/span>\n\t\t\t\t\t<\/a>\n\t\t\t\t<\/div>\n\t\t\t\t\t\t\t\t<\/div>\n\t\t\t\t<\/div>\n\t\t\t\t<\/div>\n\t\t\t\t<\/div>\n\t\t<div class=\"elementor-element elementor-element-51751b91 e-con-full e-flex e-con e-parent\" data-id=\"51751b91\" data-element_type=\"container\" data-e-type=\"container\" id=\"Workshop_Master_The_Basics\">\n\t\t<div class=\"elementor-element elementor-element-154fd092 e-con-full e-flex e-con e-child\" data-id=\"154fd092\" data-element_type=\"container\" data-e-type=\"container\" data-settings=\"{&quot;background_background&quot;:&quot;classic&quot;}\">\n\t\t\t\t<\/div>\n\t\t<div class=\"elementor-element elementor-element-3c35cd52 e-con-full e-flex e-con e-child\" data-id=\"3c35cd52\" data-element_type=\"container\" data-e-type=\"container\">\n\t\t\t\t<div class=\"elementor-element elementor-element-2e23024c elementor-widget elementor-widget-heading\" data-id=\"2e23024c\" data-element_type=\"widget\" data-e-type=\"widget\" data-widget_type=\"heading.default\">\n\t\t\t\t<div class=\"elementor-widget-container\">\n\t\t\t\t\t<h2 class=\"elementor-heading-title elementor-size-default\">Reportage in-situ<\/h2>\t\t\t\t<\/div>\n\t\t\t\t<\/div>\n\t\t\t\t<div class=\"elementor-element elementor-element-3a8ee485 elementor-widget elementor-widget-text-editor\" data-id=\"3a8ee485\" data-element_type=\"widget\" data-e-type=\"widget\" data-widget_type=\"text-editor.default\">\n\t\t\t\t<div class=\"elementor-widget-container\">\n\t\t\t\t\t\t\t\t\t<p>Emmener le grand public dans les coulisses de l&rsquo;a\u00e9ronautique et de l&rsquo;espace, c&rsquo;est une des missions primordiales de Stardust. Au fil des ann\u00e9es, nous avons r\u00e9alis\u00e9 des tournages \u00e0 l&rsquo;Agence Spatiale Europ\u00e9enne, au CNES, dans plusieurs centres d&rsquo;Airbus,\u00a0 de l&rsquo;Arm\u00e9e de l&rsquo;Air et de l&rsquo;Espace, \u00e0 la rencontre des professionnel.le.s qui ont fait, font et m\u00eame feront l&rsquo;a\u00e9rospatial.<\/p><p>Cliquez sur le bouton ci-dessous pour revoir notre reportage sur le SAF lors de ses tests sur l&rsquo;A380 d&rsquo;essais d&rsquo;Airbus :<\/p>\t\t\t\t\t\t\t\t<\/div>\n\t\t\t\t<\/div>\n\t\t\t\t<div class=\"elementor-element elementor-element-92e5800 elementor-invisible elementor-widget elementor-widget-button\" data-id=\"92e5800\" data-element_type=\"widget\" data-e-type=\"widget\" data-settings=\"{&quot;_animation&quot;:&quot;fadeInDown&quot;}\" data-widget_type=\"button.default\">\n\t\t\t\t<div class=\"elementor-widget-container\">\n\t\t\t\t\t\t\t\t\t<div class=\"elementor-button-wrapper\">\n\t\t\t\t\t<a class=\"elementor-button elementor-button-link elementor-size-sm\" href=\"https:\/\/www.youtube.com\/watch?v=5_M5lGJYUDE\" target=\"_blank\">\n\t\t\t\t\t\t<span class=\"elementor-button-content-wrapper\">\n\t\t\t\t\t\t\t\t\t<span class=\"elementor-button-text\">Voir<\/span>\n\t\t\t\t\t<\/span>\n\t\t\t\t\t<\/a>\n\t\t\t\t<\/div>\n\t\t\t\t\t\t\t\t<\/div>\n\t\t\t\t<\/div>\n\t\t\t\t<\/div>\n\t\t\t\t<\/div>\n\t\t<div class=\"elementor-element elementor-element-139a76a1 e-con-full e-flex e-con e-parent\" data-id=\"139a76a1\" data-element_type=\"container\" data-e-type=\"container\">\n\t\t<div class=\"elementor-element elementor-element-749f7046 e-con-full e-flex e-con e-child\" data-id=\"749f7046\" data-element_type=\"container\" data-e-type=\"container\" data-settings=\"{&quot;background_background&quot;:&quot;classic&quot;}\">\n\t\t\t\t<\/div>\n\t\t<div class=\"elementor-element elementor-element-366828f5 e-con-full e-flex e-con e-child\" data-id=\"366828f5\" data-element_type=\"container\" data-e-type=\"container\">\n\t\t\t\t<div class=\"elementor-element elementor-element-2bad27fb elementor-widget elementor-widget-heading\" data-id=\"2bad27fb\" data-element_type=\"widget\" data-e-type=\"widget\" data-widget_type=\"heading.default\">\n\t\t\t\t<div class=\"elementor-widget-container\">\n\t\t\t\t\t<h2 class=\"elementor-heading-title elementor-size-default\">Consulting A\u00e9ro et Spatial dans les m\u00e9dias<\/h2>\t\t\t\t<\/div>\n\t\t\t\t<\/div>\n\t\t\t\t<div class=\"elementor-element elementor-element-2a1df163 elementor-widget elementor-widget-text-editor\" data-id=\"2a1df163\" data-element_type=\"widget\" data-e-type=\"widget\" data-widget_type=\"text-editor.default\">\n\t\t\t\t<div class=\"elementor-widget-container\">\n\t\t\t\t\t\t\t\t\t<p>Depuis plusieurs ann\u00e9es, Stardust Prod offre aux m\u00e9dias un regard \u00e9clair\u00e9 sur l&rsquo;a\u00e9ronautique et l&rsquo;espace. Depuis 2019, nous offrons nos contributions aux dossiers en presse \u00e9crite nationale et europ\u00e9enne, comme Le Monde, le Parisien, Ouest France, Le Point ou Strat\u00e9gies, la radio comme Fun Radio ou Europe 1, ou m\u00eame la t\u00e9l\u00e9vision comme FranceTV Info, France 24 ou LCI.<\/p><p>Cliquez sur le bouton ci-dessous pour revoir une de nos interventions r\u00e9centes sur LCI :<\/p>\t\t\t\t\t\t\t\t<\/div>\n\t\t\t\t<\/div>\n\t\t\t\t<div class=\"elementor-element elementor-element-59d7d58c elementor-invisible elementor-widget elementor-widget-button\" data-id=\"59d7d58c\" data-element_type=\"widget\" data-e-type=\"widget\" data-settings=\"{&quot;_animation&quot;:&quot;fadeInDown&quot;}\" data-widget_type=\"button.default\">\n\t\t\t\t<div class=\"elementor-widget-container\">\n\t\t\t\t\t\t\t\t\t<div class=\"elementor-button-wrapper\">\n\t\t\t\t\t<a class=\"elementor-button elementor-button-link elementor-size-sm\" href=\"https:\/\/www.youtube.com\/watch?v=xfQiFRjiuoU\" target=\"_blank\">\n\t\t\t\t\t\t<span class=\"elementor-button-content-wrapper\">\n\t\t\t\t\t\t\t\t\t<span class=\"elementor-button-text\">Voir<\/span>\n\t\t\t\t\t<\/span>\n\t\t\t\t\t<\/a>\n\t\t\t\t<\/div>\n\t\t\t\t\t\t\t\t<\/div>\n\t\t\t\t<\/div>\n\t\t\t\t<\/div>\n\t\t\t\t<\/div>\n\t\t<div class=\"elementor-element elementor-element-2eddb311 e-con-full e-flex e-con e-parent\" data-id=\"2eddb311\" data-element_type=\"container\" data-e-type=\"container\" id=\"Workshop_Be_Ceramic_Superhero\">\n\t\t<div class=\"elementor-element elementor-element-7b8414fd e-con-full e-flex e-con e-child\" data-id=\"7b8414fd\" data-element_type=\"container\" data-e-type=\"container\" data-settings=\"{&quot;background_background&quot;:&quot;classic&quot;}\">\n\t\t\t\t<\/div>\n\t\t<div class=\"elementor-element elementor-element-14fdf901 e-con-full e-flex e-con e-child\" data-id=\"14fdf901\" data-element_type=\"container\" data-e-type=\"container\">\n\t\t\t\t<div class=\"elementor-element elementor-element-6be7c25e elementor-widget elementor-widget-heading\" data-id=\"6be7c25e\" data-element_type=\"widget\" data-e-type=\"widget\" data-widget_type=\"heading.default\">\n\t\t\t\t<div class=\"elementor-widget-container\">\n\t\t\t\t\t<h2 class=\"elementor-heading-title elementor-size-default\">Contenu sponsoris\u00e9<\/h2>\t\t\t\t<\/div>\n\t\t\t\t<\/div>\n\t\t\t\t<div class=\"elementor-element elementor-element-5674b58d elementor-widget elementor-widget-text-editor\" data-id=\"5674b58d\" data-element_type=\"widget\" data-e-type=\"widget\" data-widget_type=\"text-editor.default\">\n\t\t\t\t<div class=\"elementor-widget-container\">\n\t\t\t\t\t\t\t\t\t<p>Que ce soit des marques li\u00e9es \u00e0 l&rsquo;a\u00e9rospatiale comme la s\u00e9rie \u00ab\u00a0L&rsquo;Etoffe des H\u00e9ros\u00a0\u00bb produite par Disney+ ou War Thunder, ou des marques d&rsquo;autres secteurs comme Lego ou MyHeritage, nous nous appliquons \u00e0 offrir la meilleure visibilit\u00e9 \u00e0 vos produits, lors d&rsquo;int\u00e9grations courtes ou de vid\u00e9os d\u00e9di\u00e9es.<\/p><p>Cliquez sur le bouton ci-dessous pour voir une de nos plus r\u00e9centes vid\u00e9os avec l&rsquo;int\u00e9gration du jeu War Thunder :<\/p>\t\t\t\t\t\t\t\t<\/div>\n\t\t\t\t<\/div>\n\t\t\t\t<div class=\"elementor-element elementor-element-5b811215 elementor-invisible elementor-widget elementor-widget-button\" data-id=\"5b811215\" data-element_type=\"widget\" data-e-type=\"widget\" data-settings=\"{&quot;_animation&quot;:&quot;fadeInDown&quot;}\" data-widget_type=\"button.default\">\n\t\t\t\t<div class=\"elementor-widget-container\">\n\t\t\t\t\t\t\t\t\t<div class=\"elementor-button-wrapper\">\n\t\t\t\t\t<a class=\"elementor-button elementor-button-link elementor-size-sm\" href=\"https:\/\/www.youtube.com\/watch?v=Xz9EnpCZUaI\" target=\"_blank\">\n\t\t\t\t\t\t<span class=\"elementor-button-content-wrapper\">\n\t\t\t\t\t\t\t\t\t<span class=\"elementor-button-text\">Voir<\/span>\n\t\t\t\t\t<\/span>\n\t\t\t\t\t<\/a>\n\t\t\t\t<\/div>\n\t\t\t\t\t\t\t\t<\/div>\n\t\t\t\t<\/div>\n\t\t\t\t<\/div>\n\t\t\t\t<\/div>\n\t\t<div class=\"elementor-element elementor-element-9ba8ae7 e-flex e-con-boxed e-con e-parent\" data-id=\"9ba8ae7\" data-element_type=\"container\" data-e-type=\"container\">\n\t\t\t\t\t<div class=\"e-con-inner\">\n\t\t\t\t<div class=\"elementor-element elementor-element-24a658d elementor-widget elementor-widget-heading\" data-id=\"24a658d\" data-element_type=\"widget\" data-e-type=\"widget\" data-widget_type=\"heading.default\">\n\t\t\t\t<div class=\"elementor-widget-container\">\n\t\t\t\t\t<h2 class=\"elementor-heading-title elementor-size-default\">Vous voulez vous aussi travailler avec nous ?<\/h2>\t\t\t\t<\/div>\n\t\t\t\t<\/div>\n\t\t\t\t<div class=\"elementor-element elementor-element-31d0c10 elementor-align-center elementor-invisible elementor-widget elementor-widget-button\" data-id=\"31d0c10\" data-element_type=\"widget\" data-e-type=\"widget\" data-settings=\"{&quot;_animation&quot;:&quot;fadeInDown&quot;}\" data-widget_type=\"button.default\">\n\t\t\t\t<div class=\"elementor-widget-container\">\n\t\t\t\t\t\t\t\t\t<div class=\"elementor-button-wrapper\">\n\t\t\t\t\t<a class=\"elementor-button elementor-button-link elementor-size-sm\" href=\"https:\/\/www.stardustprod.fr\/index.php\/contact\/\" target=\"_blank\">\n\t\t\t\t\t\t<span class=\"elementor-button-content-wrapper\">\n\t\t\t\t\t\t\t\t\t<span class=\"elementor-button-text\">C'est ici que \u00e7a se passe !<\/span>\n\t\t\t\t\t<\/span>\n\t\t\t\t\t<\/a>\n\t\t\t\t<\/div>\n\t\t\t\t\t\t\t\t<\/div>\n\t\t\t\t<\/div>\n\t\t\t\t\t<\/div>\n\t\t\t\t<\/div>\n\t\t<div class=\"elementor-element elementor-element-521fa30 e-flex e-con-boxed e-con e-parent\" data-id=\"521fa30\" data-element_type=\"container\" data-e-type=\"container\">\n\t\t\t\t\t<div class=\"e-con-inner\">\n\t\t\t\t<div class=\"elementor-element elementor-element-54432d5 elementor-view-framed elementor-shape-circle elementor-widget elementor-widget-icon\" data-id=\"54432d5\" data-element_type=\"widget\" data-e-type=\"widget\" data-widget_type=\"icon.default\">\n\t\t\t\t<div class=\"elementor-widget-container\">\n\t\t\t\t\t\t\t<div class=\"elementor-icon-wrapper\">\n\t\t\t<a class=\"elementor-icon\" href=\"https:\/\/www.youtube.com\/@StardustYT\/\" target=\"_blank\">\n\t\t\t<i aria-hidden=\"true\" class=\"fab fa-youtube\"><\/i>\t\t\t<\/a>\n\t\t<\/div>\n\t\t\t\t\t\t<\/div>\n\t\t\t\t<\/div>\n\t\t\t\t<div class=\"elementor-element elementor-element-44b2bc8 elementor-view-framed elementor-shape-circle elementor-widget elementor-widget-icon\" data-id=\"44b2bc8\" data-element_type=\"widget\" data-e-type=\"widget\" data-widget_type=\"icon.default\">\n\t\t\t\t<div class=\"elementor-widget-container\">\n\t\t\t\t\t\t\t<div class=\"elementor-icon-wrapper\">\n\t\t\t<a class=\"elementor-icon\" href=\"https:\/\/www.instagram.com\/astrovicnet\/\" target=\"_blank\">\n\t\t\t<i aria-hidden=\"true\" class=\"fab fa-instagram\"><\/i>\t\t\t<\/a>\n\t\t<\/div>\n\t\t\t\t\t\t<\/div>\n\t\t\t\t<\/div>\n\t\t\t\t<div class=\"elementor-element elementor-element-31e2704 elementor-view-framed elementor-shape-circle elementor-widget elementor-widget-icon\" data-id=\"31e2704\" data-element_type=\"widget\" data-e-type=\"widget\" data-widget_type=\"icon.default\">\n\t\t\t\t<div class=\"elementor-widget-container\">\n\t\t\t\t\t\t\t<div class=\"elementor-icon-wrapper\">\n\t\t\t<a class=\"elementor-icon\" href=\"https:\/\/www.twitch.tv\/stardustairespace\" target=\"_blank\">\n\t\t\t<i aria-hidden=\"true\" class=\"fab fa-twitch\"><\/i>\t\t\t<\/a>\n\t\t<\/div>\n\t\t\t\t\t\t<\/div>\n\t\t\t\t<\/div>\n\t\t\t\t<div class=\"elementor-element elementor-element-363eb88 elementor-view-framed elementor-shape-circle elementor-widget elementor-widget-icon\" data-id=\"363eb88\" data-element_type=\"widget\" data-e-type=\"widget\" data-widget_type=\"icon.default\">\n\t\t\t\t<div class=\"elementor-widget-container\">\n\t\t\t\t\t\t\t<div class=\"elementor-icon-wrapper\">\n\t\t\t<a class=\"elementor-icon\" href=\"https:\/\/www.linkedin.com\/in\/vincent-heidelberg-9467752b\/\" target=\"_blank\">\n\t\t\t<i aria-hidden=\"true\" class=\"fab fa-linkedin\"><\/i>\t\t\t<\/a>\n\t\t<\/div>\n\t\t\t\t\t\t<\/div>\n\t\t\t\t<\/div>\n\t\t\t\t<div class=\"elementor-element elementor-element-70e9f2e elementor-view-framed elementor-shape-circle elementor-widget elementor-widget-icon\" data-id=\"70e9f2e\" data-element_type=\"widget\" data-e-type=\"widget\" data-widget_type=\"icon.default\">\n\t\t\t\t<div class=\"elementor-widget-container\">\n\t\t\t\t\t\t\t<div class=\"elementor-icon-wrapper\">\n\t\t\t<a class=\"elementor-icon\" href=\"https:\/\/www.stardustprod.fr\/index.php\/contact\/\">\n\t\t\t<i aria-hidden=\"true\" class=\"far fa-envelope\"><\/i>\t\t\t<\/a>\n\t\t<\/div>\n\t\t\t\t\t\t<\/div>\n\t\t\t\t<\/div>\n\t\t\t\t\t<\/div>\n\t\t\t\t<\/div>\n\t\t\t\t<\/div>\n\t\t","protected":false},"excerpt":{"rendered":"<p>Tel Troy McClure, vous nous avez s\u00fbrement d\u00e9j\u00e0 vu quelque part Depuis 2018, Stardust Prod a collabor\u00e9 avec nombre de m\u00e9dias, marques et institutions fran\u00e7aises, europ\u00e9ennes et multinationales. Ci-dessous, quelques exemples de collaboration r\u00e9ussies au fil des ann\u00e9es, du reportage commandit\u00e9 au consulting a\u00e9ronautique et spatial dans les m\u00e9dias. \u00a0 Ev\u00e8nements spatiaux Depuis 2016, la [&hellip;]<\/p>\n","protected":false},"author":1,"featured_media":37,"parent":0,"menu_order":0,"comment_status":"closed","ping_status":"closed","template":"elementor_header_footer","meta":{"om_disable_all_campaigns":false,"_monsterinsights_skip_tracking":false,"_monsterinsights_sitenote_active":false,"_monsterinsights_sitenote_note":"","_monsterinsights_sitenote_category":0,"footnotes":""},"class_list":["post-29","page","type-page","status-publish","has-post-thumbnail","hentry"],"aioseo_notices":[],"_links":{"self":[{"href":"https:\/\/www.stardustprod.fr\/index.php\/wp-json\/wp\/v2\/pages\/29","targetHints":{"allow":["GET"]}}],"collection":[{"href":"https:\/\/www.stardustprod.fr\/index.php\/wp-json\/wp\/v2\/pages"}],"about":[{"href":"https:\/\/www.stardustprod.fr\/index.php\/wp-json\/wp\/v2\/types\/page"}],"author":[{"embeddable":true,"href":"https:\/\/www.stardustprod.fr\/index.php\/wp-json\/wp\/v2\/users\/1"}],"replies":[{"embeddable":true,"href":"https:\/\/www.stardustprod.fr\/index.php\/wp-json\/wp\/v2\/comments?post=29"}],"version-history":[{"count":59,"href":"https:\/\/www.stardustprod.fr\/index.php\/wp-json\/wp\/v2\/pages\/29\/revisions"}],"predecessor-version":[{"id":533,"href":"https:\/\/www.stardustprod.fr\/index.php\/wp-json\/wp\/v2\/pages\/29\/revisions\/533"}],"wp:featuredmedia":[{"embeddable":true,"href":"https:\/\/www.stardustprod.fr\/index.php\/wp-json\/wp\/v2\/media\/37"}],"wp:attachment":[{"href":"https:\/\/www.stardustprod.fr\/index.php\/wp-json\/wp\/v2\/media?parent=29"}],"curies":[{"name":"wp","href":"https:\/\/api.w.org\/{rel}","templated":true}]}}